{"id":1570,"date":"2021-03-11T10:10:28","date_gmt":"2021-03-11T09:10:28","guid":{"rendered":"https:\/\/itrevex.se\/egna-initiativ\/"},"modified":"2024-01-08T11:08:41","modified_gmt":"2024-01-08T10:08:41","slug":"own-initiatives","status":"publish","type":"page","link":"https:\/\/itrevex.se\/en\/own-initiatives\/","title":{"rendered":"Own initiatives"},"content":{"rendered":"<p>[et_pb_section admin_label=&#8221;Sektion&#8221; fullwidth=&#8221;off&#8221; specialty=&#8221;off&#8221; transparent_background=&#8221;on&#8221; allow_player_pause=&#8221;off&#8221; inner_shadow=&#8221;off&#8221; parallax=&#8221;off&#8221; parallax_method=&#8221;off&#8221; padding_mobile=&#8221;off&#8221; module_class=&#8221;gtv-3014-hero&#8221; make_fullwidth=&#8221;off&#8221; use_custom_width=&#8221;off&#8221; width_unit=&#8221;on&#8221; make_equal=&#8221;off&#8221; use_custom_gutter=&#8221;off&#8221; background_color=&#8221;rgba(66,66,66,0.99)&#8221; background_image=&#8221;https:\/\/itrevex.se\/wp-content\/uploads\/2018\/11\/BSF1-e1615650630405.jpg&#8221;][et_pb_row admin_label=&#8221;Rad&#8221;][et_pb_column type=&#8221;4_4&#8243;][et_pb_post_title admin_label=&#8221;Inl\u00e4ggstitel&#8221; title=&#8221;on&#8221; meta=&#8221;on&#8221; author=&#8221;off&#8221; date=&#8221;on&#8221; categories=&#8221;off&#8221; comments=&#8221;off&#8221; featured_image=&#8221;off&#8221; featured_placement=&#8221;below&#8221; parallax_effect=&#8221;on&#8221; parallax_method=&#8221;on&#8221; text_orientation=&#8221;left&#8221; text_color=&#8221;dark&#8221; text_background=&#8221;off&#8221; text_bg_color=&#8221;rgba(255,255,255,0.9)&#8221; module_bg_color=&#8221;rgba(255,255,255,0)&#8221; title_all_caps=&#8221;off&#8221; use_border_color=&#8221;off&#8221; border_color=&#8221;#ffffff&#8221; border_style=&#8221;solid&#8221; date_format=&#8221;d-m-y&#8221;]<\/p>\n<p>&nbsp;<\/p>\n<p>[\/et_pb_post_title][\/et_pb_column][\/et_pb_row][\/et_pb_section][et_pb_section admin_label=&#8221;section&#8221; transparent_background=&#8221;off&#8221; background_color=&#8221;#ffffff&#8221; allow_player_pause=&#8221;off&#8221; inner_shadow=&#8221;off&#8221; parallax=&#8221;off&#8221; parallax_method=&#8221;off&#8221; padding_mobile=&#8221;off&#8221; make_fullwidth=&#8221;off&#8221; use_custom_width=&#8221;off&#8221; width_unit=&#8221;on&#8221; make_equal=&#8221;off&#8221; use_custom_gutter=&#8221;off&#8221; module_class=&#8221;gtv-3014-text-sec&#8221;][et_pb_row admin_label=&#8221;Rad&#8221; make_fullwidth=&#8221;off&#8221; use_custom_width=&#8221;off&#8221; width_unit=&#8221;on&#8221; use_custom_gutter=&#8221;off&#8221; padding_mobile=&#8221;off&#8221; allow_player_pause=&#8221;off&#8221; parallax=&#8221;off&#8221; parallax_method=&#8221;off&#8221; make_equal=&#8221;off&#8221; parallax_1=&#8221;off&#8221; parallax_method_1=&#8221;off&#8221; column_padding_mobile=&#8221;on&#8221; module_class=&#8221;gtv-3014-quote-row&#8221;][et_pb_column type=&#8221;4_4&#8243;][et_pb_text admin_label=&#8221;Citat&#8221; background_layout=&#8221;light&#8221; text_orientation=&#8221;left&#8221; use_border_color=&#8221;off&#8221; border_color=&#8221;#ffffff&#8221; border_style=&#8221;solid&#8221; module_class=&#8221;gtv-3014-quote&#8221;]<\/p>\n<p style=\"text-align: center;\">\u201dMed en mobil utst\u00e4llning kan vi kommunicera \u00d6stersj\u00f6ns problem lokalt, fr\u00e5n k\u00e4lla till hav.\u201d<\/p>\n<p style=\"text-align: center;\"><em>Briggen Tre Kronor<\/em><\/p>\n<p>[\/et_pb_text][\/et_pb_column][\/et_pb_row][et_pb_row admin_label=&#8221;Rad&#8221;][et_pb_column type=&#8221;4_4&#8243;][et_pb_image admin_label=&#8221;Bild&#8221; src=&#8221;https:\/\/itrevex.se\/wp-content\/uploads\/2019\/03\/IMG_1489-e1616139633803.jpg&#8221; show_in_lightbox=&#8221;off&#8221; url_new_window=&#8221;off&#8221; use_overlay=&#8221;off&#8221; animation=&#8221;left&#8221; sticky=&#8221;off&#8221; align=&#8221;left&#8221; force_fullwidth=&#8221;off&#8221; always_center_on_mobile=&#8221;on&#8221; use_border_color=&#8221;off&#8221; border_color=&#8221;#ffffff&#8221; border_style=&#8221;solid&#8221;]<\/p>\n<p>&nbsp;<\/p>\n<p>[\/et_pb_image][et_pb_text admin_label=&#8221;Rubrik och ingress&#8221; background_layout=&#8221;light&#8221; text_orientation=&#8221;left&#8221; use_border_color=&#8221;off&#8221; border_color=&#8221;#ffffff&#8221; border_style=&#8221;solid&#8221;]<\/p>\n<h2>Briggen Tre Kronor seglar f\u00f6r \u00d6stersj\u00f6n<\/h2>\n<p class=\"gt-preamble\">Uppdatering p\u00e5g\u00e5r&#8230;. Donec et eros et ante mollis tristique senectus mollis Curabitur ullamcorper tellus condimentum conva. Phasellus feugiat quis tortor eu tincidunt. Integer posuere tincidunt lacus, nec semper eros porta..<\/p>\n<p>[\/et_pb_text][et_pb_text admin_label=&#8221;Text&#8221; background_layout=&#8221;light&#8221; text_orientation=&#8221;left&#8221; use_border_color=&#8221;off&#8221; border_color=&#8221;#ffffff&#8221; border_style=&#8221;solid&#8221;]<\/p>\n<p>Cras pellentesque ipsum nec bibendum venenatis. Vestibulum aliquet sapien at fringilla consequat. Etiam vitae tortor id nisl luctus semper. Suspendisse et velit laoreet, tristique libero porttitor, euismod nulla. Aliquam urna ante, venenatis quis rutrum a, interdum sed erat. Integer non cursus nulla. Lorem ipsum dolor sit amet, consectetur adipiscing elit. Etiam at fringilla elit. Integer a euismod massa.<\/p>\n<p>[\/et_pb_text][\/et_pb_column][\/et_pb_row][et_pb_row admin_label=&#8221;Rad&#8221; make_fullwidth=&#8221;off&#8221; use_custom_width=&#8221;off&#8221; width_unit=&#8221;on&#8221; use_custom_gutter=&#8221;off&#8221; padding_mobile=&#8221;off&#8221; allow_player_pause=&#8221;off&#8221; parallax=&#8221;off&#8221; parallax_method=&#8221;off&#8221; make_equal=&#8221;off&#8221; parallax_1=&#8221;off&#8221; parallax_method_1=&#8221;off&#8221; parallax_2=&#8221;off&#8221; parallax_method_2=&#8221;off&#8221; column_padding_mobile=&#8221;on&#8221;][et_pb_column type=&#8221;1_2&#8243;][et_pb_image admin_label=&#8221;Bild&#8221; src=&#8221;https:\/\/itrevex.se\/wp-content\/uploads\/2021\/04\/2018-03-08-11.42.37-scaled.jpg&#8221; show_in_lightbox=&#8221;off&#8221; url_new_window=&#8221;off&#8221; use_overlay=&#8221;off&#8221; animation=&#8221;left&#8221; sticky=&#8221;off&#8221; align=&#8221;left&#8221; force_fullwidth=&#8221;off&#8221; always_center_on_mobile=&#8221;on&#8221; use_border_color=&#8221;off&#8221; border_color=&#8221;#ffffff&#8221; border_style=&#8221;solid&#8221;]<\/p>\n<p>&nbsp;<\/p>\n<p>[\/et_pb_image][\/et_pb_column][et_pb_column type=&#8221;1_2&#8243;][et_pb_text admin_label=&#8221;Text&#8221; background_layout=&#8221;light&#8221; text_orientation=&#8221;left&#8221; use_border_color=&#8221;off&#8221; border_color=&#8221;#ffffff&#8221; border_style=&#8221;solid&#8221; module_class=&#8221;gtv-3014-text-half&#8221;]<\/p>\n<h3>H3 lorem ipsum dolor sit amet consectur<\/h3>\n<p>Cras pellentesque ipsum nec bibendum venenatis. Vestibulum aliquet sapien at fringilla consequat. Etiam vitae tortor id nisl luctus semper. Suspendisse et velit laoreet, tristique libero porttitor, euismod nulla. Aliquam urna ante.<\/p>\n<p>[\/et_pb_text][\/et_pb_column][\/et_pb_row][et_pb_row admin_label=&#8221;Rad&#8221;][et_pb_column type=&#8221;4_4&#8243;][et_pb_text admin_label=&#8221;Text&#8221; background_layout=&#8221;light&#8221; text_orientation=&#8221;left&#8221; use_border_color=&#8221;off&#8221; border_color=&#8221;#ffffff&#8221; border_style=&#8221;solid&#8221;]<\/p>\n<h3>H3 lorem ipsum dolor sit amet consectur<\/h3>\n<p>Cras pellentesque ipsum nec bibendum venenatis. Vestibulum aliquet sapien at fringilla consequat. Etiam vitae tortor id nisl luctus semper. Suspendisse et velit laoreet, tristique libero porttitor, euismod nulla. Aliquam urna ante, venenatis quis rutrum a, interdum sed erat. Integer non cursus nulla. Lorem ipsum dolor sit amet, consectetur adipiscing elit. Etiam at fringilla elit. Integer a euismod massa.<\/p>\n<p>[\/et_pb_text][\/et_pb_column][\/et_pb_row][\/et_pb_section][et_pb_section admin_label=&#8221;Sektion&#8221; fullwidth=&#8221;off&#8221; specialty=&#8221;off&#8221; transparent_background=&#8221;off&#8221; background_color=&#8221;#ffffff&#8221; allow_player_pause=&#8221;off&#8221; inner_shadow=&#8221;off&#8221; parallax=&#8221;off&#8221; parallax_method=&#8221;off&#8221; padding_mobile=&#8221;off&#8221; make_fullwidth=&#8221;off&#8221; use_custom_width=&#8221;off&#8221; width_unit=&#8221;on&#8221; make_equal=&#8221;off&#8221; use_custom_gutter=&#8221;off&#8221; module_class=&#8221;gtv-3014-img-halfs-sec&#8221;][et_pb_row admin_label=&#8221;Rad&#8221; make_fullwidth=&#8221;off&#8221; use_custom_width=&#8221;off&#8221; width_unit=&#8221;on&#8221; use_custom_gutter=&#8221;off&#8221; padding_mobile=&#8221;off&#8221; allow_player_pause=&#8221;off&#8221; parallax=&#8221;off&#8221; parallax_method=&#8221;off&#8221; make_equal=&#8221;off&#8221; parallax_1=&#8221;off&#8221; parallax_method_1=&#8221;off&#8221; column_padding_mobile=&#8221;on&#8221; module_class=&#8221;gtv-3014-img-halfs-row&#8221;][et_pb_column type=&#8221;4_4&#8243;][et_pb_text admin_label=&#8221;Bakgrundsbild&#8221; background_layout=&#8221;light&#8221; text_orientation=&#8221;left&#8221; background_image=&#8221;https:\/\/itrevex.se\/wp-content\/uploads\/2020\/10\/IMG_6866-scaled-e1615645778771.jpg&#8221; use_border_color=&#8221;off&#8221; border_color=&#8221;#ffffff&#8221; border_style=&#8221;solid&#8221;]<\/p>\n<p>&nbsp;<\/p>\n<p>[\/et_pb_text][et_pb_text admin_label=&#8221;Bakgrundsbild&#8221; background_layout=&#8221;light&#8221; text_orientation=&#8221;left&#8221; background_image=&#8221;https:\/\/itrevex.se\/wp-content\/uploads\/2018\/11\/Nyk\u00f6ping-2.jpg&#8221; use_border_color=&#8221;off&#8221; border_color=&#8221;#ffffff&#8221; border_style=&#8221;solid&#8221;]<br \/>\n[\/et_pb_text][et_pb_text admin_label=&#8221;Bakgrundsbild&#8221; background_layout=&#8221;light&#8221; text_orientation=&#8221;left&#8221; background_image=&#8221;https:\/\/itrevex.se\/wp-content\/uploads\/2014\/12\/IEX16.jpg&#8221; use_border_color=&#8221;off&#8221; border_color=&#8221;#ffffff&#8221; border_style=&#8221;solid&#8221;] [\/et_pb_text][et_pb_text admin_label=&#8221;Bakgrundsbild&#8221; background_layout=&#8221;light&#8221; text_orientation=&#8221;left&#8221; background_image=&#8221;https:\/\/itrevex.se\/wp-content\/uploads\/2020\/10\/IMG_6814-scaled.jpg&#8221; use_border_color=&#8221;off&#8221; border_color=&#8221;#ffffff&#8221; border_style=&#8221;solid&#8221;]<\/p>\n<p>&nbsp;<\/p>\n<p>[\/et_pb_text][\/et_pb_column][\/et_pb_row][\/et_pb_section][et_pb_section admin_label=&#8221;Sektion&#8221; fullwidth=&#8221;off&#8221; specialty=&#8221;off&#8221; transparent_background=&#8221;off&#8221; background_color=&#8221;#ffffff&#8221; allow_player_pause=&#8221;off&#8221; inner_shadow=&#8221;off&#8221; parallax=&#8221;off&#8221; parallax_method=&#8221;off&#8221; padding_mobile=&#8221;off&#8221; make_fullwidth=&#8221;off&#8221; use_custom_width=&#8221;off&#8221; width_unit=&#8221;on&#8221; make_equal=&#8221;off&#8221; use_custom_gutter=&#8221;off&#8221; module_class=&#8221;gtv-3014-cta-orange-sec&#8221;][et_pb_row admin_label=&#8221;Rad&#8221;][et_pb_column type=&#8221;4_4&#8243;][et_pb_text admin_label=&#8221;Text&#8221; background_layout=&#8221;light&#8221; text_orientation=&#8221;left&#8221; use_border_color=&#8221;off&#8221; border_color=&#8221;#ffffff&#8221; border_style=&#8221;solid&#8221; module_class=&#8221;gtv-3014-cta-orange&#8221;]<\/p>\n<p>Searoom &#8211; P\u00e5 v\u00e4g f\u00f6r \u00d6stersj\u00f6n<\/p>\n<p><a href=\"https:\/\/www.searoom.org\">L\u00e4s mer&#8230;<\/a><\/p>\n<p>[\/et_pb_text][\/et_pb_column][\/et_pb_row][\/et_pb_section]<\/p>\n","protected":false},"excerpt":{"rendered":"<p>[et_pb_section admin_label=&#8221;Sektion&#8221; fullwidth=&#8221;off&#8221; specialty=&#8221;off&#8221; transparent_background=&#8221;on&#8221; allow_player_pause=&#8221;off&#8221; inner_shadow=&#8221;off&#8221; parallax=&#8221;off&#8221; parallax_method=&#8221;off&#8221; padding_mobile=&#8221;off&#8221; module_class=&#8221;gtv-3014-hero&#8221; make_fullwidth=&#8221;off&#8221; use_custom_width=&#8221;off&#8221; width_unit=&#8221;on&#8221; make_equal=&#8221;off&#8221; use_custom_gutter=&#8221;off&#8221; background_color=&#8221;rgba(66,66,66,0.99)&#8221; background_image=&#8221;https:\/\/itrevex.se\/wp-content\/uploads\/2018\/11\/BSF1-e1615650630405.jpg&#8221;][et_pb_row admin_label=&#8221;Rad&#8221;][et_pb_column type=&#8221;4_4&#8243;][et_pb_post_title admin_label=&#8221;Inl\u00e4ggstitel&#8221; title=&#8221;on&#8221; meta=&#8221;on&#8221; author=&#8221;off&#8221; date=&#8221;on&#8221; categories=&#8221;off&#8221; comments=&#8221;off&#8221; featured_image=&#8221;off&#8221; featured_placement=&#8221;below&#8221; parallax_effect=&#8221;on&#8221; parallax_method=&#8221;on&#8221; text_orientation=&#8221;left&#8221; text_color=&#8221;dark&#8221; text_background=&#8221;off&#8221; text_bg_color=&#8221;rgba(255,255,255,0.9)&#8221; module_bg_color=&#8221;rgba(255,255,255,0)&#8221; title_all_caps=&#8221;off&#8221; use_border_color=&#8221;off&#8221; border_color=&#8221;#ffffff&#8221; border_style=&#8221;solid&#8221; date_format=&#8221;d-m-y&#8221;] &nbsp; [\/et_pb_post_title][\/et_pb_column][\/et_pb_row][\/et_pb_section][et_pb_section admin_label=&#8221;section&#8221; transparent_background=&#8221;off&#8221; background_color=&#8221;#ffffff&#8221; allow_player_pause=&#8221;off&#8221; inner_shadow=&#8221;off&#8221; parallax=&#8221;off&#8221; parallax_method=&#8221;off&#8221; padding_mobile=&#8221;off&#8221; make_fullwidth=&#8221;off&#8221; use_custom_width=&#8221;off&#8221; width_unit=&#8221;on&#8221; make_equal=&#8221;off&#8221;<\/p>\n","protected":false},"author":2,"featured_media":0,"parent":0,"menu_order":0,"comment_status":"closed","ping_status":"closed","template":"","meta":{"footnotes":""},"yoast_head":"<!-- This site is optimized with the Yoast SEO plugin v22.6 - https:\/\/yoast.com\/wordpress\/plugins\/seo\/ -->\n<title>Own initiatives | ITREVEX<\/title>\n<meta name=\"robots\" content=\"index, follow, max-snippet:-1, max-image-preview:large, max-video-preview:-1\" \/>\n<link rel=\"canonical\" href=\"https:\/\/itrevex.se\/egna-initiativ\/\" \/>\n<meta property=\"og:locale\" content=\"en_US\" \/>\n<meta property=\"og:type\" content=\"article\" \/>\n<meta property=\"og:title\" content=\"Own initiatives | ITREVEX\" \/>\n<meta property=\"og:description\" content=\"[et_pb_section admin_label=&#8221;Sektion&#8221; fullwidth=&#8221;off&#8221; specialty=&#8221;off&#8221; transparent_background=&#8221;on&#8221; allow_player_pause=&#8221;off&#8221; inner_shadow=&#8221;off&#8221; parallax=&#8221;off&#8221; parallax_method=&#8221;off&#8221; padding_mobile=&#8221;off&#8221; module_class=&#8221;gtv-3014-hero&#8221; make_fullwidth=&#8221;off&#8221; use_custom_width=&#8221;off&#8221; width_unit=&#8221;on&#8221; make_equal=&#8221;off&#8221; use_custom_gutter=&#8221;off&#8221; background_color=&#8221;rgba(66,66,66,0.99)&#8221; background_image=&#8221;https:\/\/itrevex.se\/wp-content\/uploads\/2018\/11\/BSF1-e1615650630405.jpg&#8221;][et_pb_row admin_label=&#8221;Rad&#8221;][et_pb_column type=&#8221;4_4&#8243;][et_pb_post_title admin_label=&#8221;Inl\u00e4ggstitel&#8221; title=&#8221;on&#8221; meta=&#8221;on&#8221; author=&#8221;off&#8221; date=&#8221;on&#8221; categories=&#8221;off&#8221; comments=&#8221;off&#8221; featured_image=&#8221;off&#8221; featured_placement=&#8221;below&#8221; parallax_effect=&#8221;on&#8221; parallax_method=&#8221;on&#8221; text_orientation=&#8221;left&#8221; text_color=&#8221;dark&#8221; text_background=&#8221;off&#8221; text_bg_color=&#8221;rgba(255,255,255,0.9)&#8221; module_bg_color=&#8221;rgba(255,255,255,0)&#8221; title_all_caps=&#8221;off&#8221; use_border_color=&#8221;off&#8221; border_color=&#8221;#ffffff&#8221; border_style=&#8221;solid&#8221; date_format=&#8221;d-m-y&#8221;] &nbsp; [\/et_pb_post_title][\/et_pb_column][\/et_pb_row][\/et_pb_section][et_pb_section admin_label=&#8221;section&#8221; transparent_background=&#8221;off&#8221; background_color=&#8221;#ffffff&#8221; allow_player_pause=&#8221;off&#8221; inner_shadow=&#8221;off&#8221; parallax=&#8221;off&#8221; parallax_method=&#8221;off&#8221; padding_mobile=&#8221;off&#8221; make_fullwidth=&#8221;off&#8221; use_custom_width=&#8221;off&#8221; width_unit=&#8221;on&#8221; make_equal=&#8221;off&#8221;\" \/>\n<meta property=\"og:url\" content=\"https:\/\/itrevex.se\/egna-initiativ\/\" \/>\n<meta property=\"og:site_name\" content=\"ITREVEX\" \/>\n<meta property=\"article:publisher\" content=\"https:\/\/www.facebook.com\/itrevex\" \/>\n<meta property=\"article:modified_time\" content=\"2024-01-08T10:08:41+00:00\" \/>\n<meta name=\"twitter:label1\" content=\"Est. reading time\" \/>\n\t<meta name=\"twitter:data1\" content=\"2 minutes\" \/>\n<script type=\"application\/ld+json\" class=\"yoast-schema-graph\">{\"@context\":\"https:\/\/schema.org\",\"@graph\":[{\"@type\":\"WebPage\",\"@id\":\"https:\/\/itrevex.se\/egna-initiativ\/\",\"url\":\"https:\/\/itrevex.se\/egna-initiativ\/\",\"name\":\"Own initiatives | ITREVEX\",\"isPartOf\":{\"@id\":\"https:\/\/itrevex.se\/#website\"},\"datePublished\":\"2021-03-11T09:10:28+00:00\",\"dateModified\":\"2024-01-08T10:08:41+00:00\",\"breadcrumb\":{\"@id\":\"https:\/\/itrevex.se\/egna-initiativ\/#breadcrumb\"},\"inLanguage\":\"en-US\",\"potentialAction\":[{\"@type\":\"ReadAction\",\"target\":[\"https:\/\/itrevex.se\/egna-initiativ\/\"]}]},{\"@type\":\"BreadcrumbList\",\"@id\":\"https:\/\/itrevex.se\/egna-initiativ\/#breadcrumb\",\"itemListElement\":[{\"@type\":\"ListItem\",\"position\":1,\"name\":\"Hem\",\"item\":\"https:\/\/itrevex.se\/en\/itrevex\/\"},{\"@type\":\"ListItem\",\"position\":2,\"name\":\"Own initiatives\"}]},{\"@type\":\"WebSite\",\"@id\":\"https:\/\/itrevex.se\/#website\",\"url\":\"https:\/\/itrevex.se\/\",\"name\":\"ITREVEX\",\"description\":\"Roadshows\",\"publisher\":{\"@id\":\"https:\/\/itrevex.se\/#organization\"},\"potentialAction\":[{\"@type\":\"SearchAction\",\"target\":{\"@type\":\"EntryPoint\",\"urlTemplate\":\"https:\/\/itrevex.se\/?s={search_term_string}\"},\"query-input\":\"required name=search_term_string\"}],\"inLanguage\":\"en-US\"},{\"@type\":\"Organization\",\"@id\":\"https:\/\/itrevex.se\/#organization\",\"name\":\"ITREVEX AB\",\"url\":\"https:\/\/itrevex.se\/\",\"logo\":{\"@type\":\"ImageObject\",\"inLanguage\":\"en-US\",\"@id\":\"https:\/\/itrevex.se\/#\/schema\/logo\/image\/\",\"url\":\"https:\/\/itrevex.se\/wp-content\/uploads\/2015\/09\/logotype-gray.png\",\"contentUrl\":\"https:\/\/itrevex.se\/wp-content\/uploads\/2015\/09\/logotype-gray.png\",\"width\":303,\"height\":37,\"caption\":\"ITREVEX AB\"},\"image\":{\"@id\":\"https:\/\/itrevex.se\/#\/schema\/logo\/image\/\"},\"sameAs\":[\"https:\/\/www.facebook.com\/itrevex\",\"https:\/\/www.instagram.com\/itrevex.se\/\"]}]}<\/script>\n<!-- \/ Yoast SEO plugin. -->","yoast_head_json":{"title":"Own initiatives | ITREVEX","robots":{"index":"index","follow":"follow","max-snippet":"max-snippet:-1","max-image-preview":"max-image-preview:large","max-video-preview":"max-video-preview:-1"},"canonical":"https:\/\/itrevex.se\/egna-initiativ\/","og_locale":"en_US","og_type":"article","og_title":"Own initiatives | ITREVEX","og_description":"[et_pb_section admin_label=&#8221;Sektion&#8221; fullwidth=&#8221;off&#8221; specialty=&#8221;off&#8221; transparent_background=&#8221;on&#8221; allow_player_pause=&#8221;off&#8221; inner_shadow=&#8221;off&#8221; parallax=&#8221;off&#8221; parallax_method=&#8221;off&#8221; padding_mobile=&#8221;off&#8221; module_class=&#8221;gtv-3014-hero&#8221; make_fullwidth=&#8221;off&#8221; use_custom_width=&#8221;off&#8221; width_unit=&#8221;on&#8221; make_equal=&#8221;off&#8221; use_custom_gutter=&#8221;off&#8221; background_color=&#8221;rgba(66,66,66,0.99)&#8221; background_image=&#8221;https:\/\/itrevex.se\/wp-content\/uploads\/2018\/11\/BSF1-e1615650630405.jpg&#8221;][et_pb_row admin_label=&#8221;Rad&#8221;][et_pb_column type=&#8221;4_4&#8243;][et_pb_post_title admin_label=&#8221;Inl\u00e4ggstitel&#8221; title=&#8221;on&#8221; meta=&#8221;on&#8221; author=&#8221;off&#8221; date=&#8221;on&#8221; categories=&#8221;off&#8221; comments=&#8221;off&#8221; featured_image=&#8221;off&#8221; featured_placement=&#8221;below&#8221; parallax_effect=&#8221;on&#8221; parallax_method=&#8221;on&#8221; text_orientation=&#8221;left&#8221; text_color=&#8221;dark&#8221; text_background=&#8221;off&#8221; text_bg_color=&#8221;rgba(255,255,255,0.9)&#8221; module_bg_color=&#8221;rgba(255,255,255,0)&#8221; title_all_caps=&#8221;off&#8221; use_border_color=&#8221;off&#8221; border_color=&#8221;#ffffff&#8221; border_style=&#8221;solid&#8221; date_format=&#8221;d-m-y&#8221;] &nbsp; [\/et_pb_post_title][\/et_pb_column][\/et_pb_row][\/et_pb_section][et_pb_section admin_label=&#8221;section&#8221; transparent_background=&#8221;off&#8221; background_color=&#8221;#ffffff&#8221; allow_player_pause=&#8221;off&#8221; inner_shadow=&#8221;off&#8221; parallax=&#8221;off&#8221; parallax_method=&#8221;off&#8221; padding_mobile=&#8221;off&#8221; make_fullwidth=&#8221;off&#8221; use_custom_width=&#8221;off&#8221; width_unit=&#8221;on&#8221; make_equal=&#8221;off&#8221;","og_url":"https:\/\/itrevex.se\/egna-initiativ\/","og_site_name":"ITREVEX","article_publisher":"https:\/\/www.facebook.com\/itrevex","article_modified_time":"2024-01-08T10:08:41+00:00","twitter_misc":{"Est. reading time":"2 minutes"},"schema":{"@context":"https:\/\/schema.org","@graph":[{"@type":"WebPage","@id":"https:\/\/itrevex.se\/egna-initiativ\/","url":"https:\/\/itrevex.se\/egna-initiativ\/","name":"Own initiatives | ITREVEX","isPartOf":{"@id":"https:\/\/itrevex.se\/#website"},"datePublished":"2021-03-11T09:10:28+00:00","dateModified":"2024-01-08T10:08:41+00:00","breadcrumb":{"@id":"https:\/\/itrevex.se\/egna-initiativ\/#breadcrumb"},"inLanguage":"en-US","potentialAction":[{"@type":"ReadAction","target":["https:\/\/itrevex.se\/egna-initiativ\/"]}]},{"@type":"BreadcrumbList","@id":"https:\/\/itrevex.se\/egna-initiativ\/#breadcrumb","itemListElement":[{"@type":"ListItem","position":1,"name":"Hem","item":"https:\/\/itrevex.se\/en\/itrevex\/"},{"@type":"ListItem","position":2,"name":"Own initiatives"}]},{"@type":"WebSite","@id":"https:\/\/itrevex.se\/#website","url":"https:\/\/itrevex.se\/","name":"ITREVEX","description":"Roadshows","publisher":{"@id":"https:\/\/itrevex.se\/#organization"},"potentialAction":[{"@type":"SearchAction","target":{"@type":"EntryPoint","urlTemplate":"https:\/\/itrevex.se\/?s={search_term_string}"},"query-input":"required name=search_term_string"}],"inLanguage":"en-US"},{"@type":"Organization","@id":"https:\/\/itrevex.se\/#organization","name":"ITREVEX AB","url":"https:\/\/itrevex.se\/","logo":{"@type":"ImageObject","inLanguage":"en-US","@id":"https:\/\/itrevex.se\/#\/schema\/logo\/image\/","url":"https:\/\/itrevex.se\/wp-content\/uploads\/2015\/09\/logotype-gray.png","contentUrl":"https:\/\/itrevex.se\/wp-content\/uploads\/2015\/09\/logotype-gray.png","width":303,"height":37,"caption":"ITREVEX AB"},"image":{"@id":"https:\/\/itrevex.se\/#\/schema\/logo\/image\/"},"sameAs":["https:\/\/www.facebook.com\/itrevex","https:\/\/www.instagram.com\/itrevex.se\/"]}]}},"_links":{"self":[{"href":"https:\/\/itrevex.se\/en\/wp-json\/wp\/v2\/pages\/1570"}],"collection":[{"href":"https:\/\/itrevex.se\/en\/wp-json\/wp\/v2\/pages"}],"about":[{"href":"https:\/\/itrevex.se\/en\/wp-json\/wp\/v2\/types\/page"}],"author":[{"embeddable":true,"href":"https:\/\/itrevex.se\/en\/wp-json\/wp\/v2\/users\/2"}],"replies":[{"embeddable":true,"href":"https:\/\/itrevex.se\/en\/wp-json\/wp\/v2\/comments?post=1570"}],"version-history":[{"count":1,"href":"https:\/\/itrevex.se\/en\/wp-json\/wp\/v2\/pages\/1570\/revisions"}],"predecessor-version":[{"id":1571,"href":"https:\/\/itrevex.se\/en\/wp-json\/wp\/v2\/pages\/1570\/revisions\/1571"}],"wp:attachment":[{"href":"https:\/\/itrevex.se\/en\/wp-json\/wp\/v2\/media?parent=1570"}],"curies":[{"name":"wp","href":"https:\/\/api.w.org\/{rel}","templated":true}]}}