{"id":1578,"date":"2021-02-19T10:49:16","date_gmt":"2021-02-19T09:49:16","guid":{"rendered":"https:\/\/itrevex.se\/case\/"},"modified":"2021-02-19T10:49:16","modified_gmt":"2021-02-19T09:49:16","slug":"case","status":"publish","type":"page","link":"https:\/\/itrevex.se\/en\/case\/","title":{"rendered":"Case"},"content":{"rendered":"<p>[et_pb_section admin_label=&#8221;Sektion&#8221; fullwidth=&#8221;off&#8221; specialty=&#8221;off&#8221; transparent_background=&#8221;on&#8221; allow_player_pause=&#8221;off&#8221; inner_shadow=&#8221;off&#8221; parallax=&#8221;off&#8221; parallax_method=&#8221;off&#8221; padding_mobile=&#8221;off&#8221; module_class=&#8221;gtv-3014-hero&#8221; make_fullwidth=&#8221;off&#8221; use_custom_width=&#8221;off&#8221; width_unit=&#8221;on&#8221; make_equal=&#8221;off&#8221; use_custom_gutter=&#8221;off&#8221; background_color=&#8221;rgba(66,66,66,0.99)&#8221; background_image=&#8221;https:\/\/itrevex.se\/wp-content\/uploads\/2014\/12\/IEX13.jpg&#8221;][et_pb_row admin_label=&#8221;Rad&#8221;][et_pb_column type=&#8221;4_4&#8243;][et_pb_text admin_label=&#8221;Text&#8221; background_layout=&#8221;light&#8221; text_orientation=&#8221;left&#8221; use_border_color=&#8221;off&#8221; border_color=&#8221;#ffffff&#8221; border_style=&#8221;solid&#8221;]<\/p>\n<h1 style=\"text-align: center;\">Case och inspiration<\/h1>\n<p>[\/et_pb_text][\/et_pb_column][\/et_pb_row][\/et_pb_section][et_pb_section admin_label=&#8221;Sektion&#8221; fullwidth=&#8221;off&#8221; specialty=&#8221;off&#8221; transparent_background=&#8221;off&#8221; background_color=&#8221;#ffffff&#8221; allow_player_pause=&#8221;off&#8221; inner_shadow=&#8221;off&#8221; parallax=&#8221;off&#8221; parallax_method=&#8221;off&#8221; padding_mobile=&#8221;off&#8221; make_fullwidth=&#8221;off&#8221; use_custom_width=&#8221;off&#8221; width_unit=&#8221;on&#8221; make_equal=&#8221;off&#8221; use_custom_gutter=&#8221;off&#8221; module_class=&#8221;gtv-3015-subpage-listing-section&#8221;][et_pb_row admin_label=&#8221;Rad&#8221;][et_pb_column type=&#8221;4_4&#8243;][et_pb_text admin_label=&#8221;Text&#8221; background_layout=&#8221;light&#8221; text_orientation=&#8221;left&#8221; use_border_color=&#8221;off&#8221; border_color=&#8221;#ffffff&#8221; border_style=&#8221;solid&#8221;]<\/p>\n\n        <div class=\"ge-blog-feed ge-ajax-blog-feed\"\n            data-read-more-text=\"L\u00e4s mer\"\n            data-display-read-more=\"true\"\n            data-display-date=\"false\"\n            data-display-thumbnail=\"true\"\n            data-offset=\"2\"\n            data-date-format=\"j F, Y\"\n            data-posts-per-page=\"6\"            data-excerpt=\"1\"\n            data-excerpt-length=\"256\">\n\n            <div class=\"ge-blog-feed-posts\">\n            \n                <article class=\"ge-blog-post has-thumbnail ge-blog-post-1575 category-kundcase-en\" itemscope itemtype=\"http:\/\/schema.org\/Article\">\n    <meta itemprop=\"datePublished\" content=\"2021-03-13\" \/>\n    <meta itemprop=\"author\" content=\"Joakim Engstr\u00f6m\">\n        <div class=\"ge-blog-post-thumbnail\">\n        <a href=\"https:\/\/itrevex.se\/en\/turnetransport\/\">\n            <img width=\"2560\" height=\"2560\" src=\"https:\/\/itrevex.se\/wp-content\/uploads\/2021\/03\/2020-01-05-09.51.17-scaled-e1619582114364.jpg\" class=\"attachment-post-thumbnail size-post-thumbnail wp-post-image\" alt=\"\" decoding=\"async\" \/>            <meta itemprop=\"image\" content=\"https:\/\/itrevex.se\/wp-content\/uploads\/2021\/03\/2020-01-05-09.51.17-scaled-e1619582114364.jpg\" \/>\n        <\/a>\n    <\/div>\n        <div class=\"ge-blog-post-heading\">\n        <a href=\"https:\/\/itrevex.se\/en\/turnetransport\/\">\n                        <h2 itemprop=\"headline\">Turn\u00e9transport<\/h2>\n                    <\/a>\n    <\/div>\n    <div class=\"ge-blog-post-content\">\n                <div itemprop=\"description\" class=\"ge-blog-post-excerpt\">\n            Turn\u00e8transporter f\u00f6r myndigheter och f\u00f6retag levereras p\u00e5 kundens villkor - smidigt och s\u00e4kert.        <\/div>\n                        <a class=\"read-more-link\" href=\"https:\/\/itrevex.se\/en\/turnetransport\/\">L\u00e4s mer<\/a>\n            <\/div>\n<\/article>\n            \n                <article class=\"ge-blog-post has-thumbnail ge-blog-post-1576 category-kundcase-en\" itemscope itemtype=\"http:\/\/schema.org\/Article\">\n    <meta itemprop=\"datePublished\" content=\"2021-03-13\" \/>\n    <meta itemprop=\"author\" content=\"Joakim Engstr\u00f6m\">\n        <div class=\"ge-blog-post-thumbnail\">\n        <a href=\"https:\/\/itrevex.se\/en\/produktdemo\/\">\n            <img width=\"2560\" height=\"1920\" src=\"https:\/\/itrevex.se\/wp-content\/uploads\/2021\/03\/DW5-scaled.jpg\" class=\"attachment-post-thumbnail size-post-thumbnail wp-post-image\" alt=\"\" decoding=\"async\" srcset=\"https:\/\/itrevex.se\/wp-content\/uploads\/2021\/03\/DW5-scaled.jpg 2560w, https:\/\/itrevex.se\/wp-content\/uploads\/2021\/03\/DW5-300x225.jpg 300w, https:\/\/itrevex.se\/wp-content\/uploads\/2021\/03\/DW5-1024x768.jpg 1024w, https:\/\/itrevex.se\/wp-content\/uploads\/2021\/03\/DW5-768x576.jpg 768w, https:\/\/itrevex.se\/wp-content\/uploads\/2021\/03\/DW5-1536x1152.jpg 1536w, https:\/\/itrevex.se\/wp-content\/uploads\/2021\/03\/DW5-2048x1536.jpg 2048w, https:\/\/itrevex.se\/wp-content\/uploads\/2021\/03\/DW5-510x382.jpg 510w, https:\/\/itrevex.se\/wp-content\/uploads\/2021\/03\/DW5-1080x810.jpg 1080w\" sizes=\"(max-width: 2560px) 100vw, 2560px\" \/>            <meta itemprop=\"image\" content=\"https:\/\/itrevex.se\/wp-content\/uploads\/2021\/03\/DW5-scaled.jpg\" \/>\n        <\/a>\n    <\/div>\n        <div class=\"ge-blog-post-heading\">\n        <a href=\"https:\/\/itrevex.se\/en\/produktdemo\/\">\n                        <h2 itemprop=\"headline\">Produktdemo<\/h2>\n                    <\/a>\n    <\/div>\n    <div class=\"ge-blog-post-content\">\n                <div itemprop=\"description\" class=\"ge-blog-post-excerpt\">\n            Produktutst\u00e4llningar - mobila eller statiska - demonstreras i trailer eller i vagn        <\/div>\n                        <a class=\"read-more-link\" href=\"https:\/\/itrevex.se\/en\/produktdemo\/\">L\u00e4s mer<\/a>\n            <\/div>\n<\/article>\n            \n                <article class=\"ge-blog-post has-thumbnail ge-blog-post-1577 category-kundcase-en\" itemscope itemtype=\"http:\/\/schema.org\/Article\">\n    <meta itemprop=\"datePublished\" content=\"2021-03-11\" \/>\n    <meta itemprop=\"author\" content=\"Joakim Engstr\u00f6m\">\n        <div class=\"ge-blog-post-thumbnail\">\n        <a href=\"https:\/\/itrevex.se\/en\/rekrytering\/\">\n            <img width=\"4032\" height=\"3024\" src=\"https:\/\/itrevex.se\/wp-content\/uploads\/2019\/03\/IMG_3247.jpg\" class=\"attachment-post-thumbnail size-post-thumbnail wp-post-image\" alt=\"\" decoding=\"async\" srcset=\"https:\/\/itrevex.se\/wp-content\/uploads\/2019\/03\/IMG_3247.jpg 4032w, https:\/\/itrevex.se\/wp-content\/uploads\/2019\/03\/IMG_3247-300x225.jpg 300w, https:\/\/itrevex.se\/wp-content\/uploads\/2019\/03\/IMG_3247-768x576.jpg 768w, https:\/\/itrevex.se\/wp-content\/uploads\/2019\/03\/IMG_3247-1024x768.jpg 1024w, https:\/\/itrevex.se\/wp-content\/uploads\/2019\/03\/IMG_3247-510x382.jpg 510w, https:\/\/itrevex.se\/wp-content\/uploads\/2019\/03\/IMG_3247-1080x810.jpg 1080w\" sizes=\"(max-width: 4032px) 100vw, 4032px\" \/>            <meta itemprop=\"image\" content=\"https:\/\/itrevex.se\/wp-content\/uploads\/2019\/03\/IMG_3247.jpg\" \/>\n        <\/a>\n    <\/div>\n        <div class=\"ge-blog-post-heading\">\n        <a href=\"https:\/\/itrevex.se\/en\/rekrytering\/\">\n                        <h2 itemprop=\"headline\">Rekrytering<\/h2>\n                    <\/a>\n    <\/div>\n    <div class=\"ge-blog-post-content\">\n                <div itemprop=\"description\" class=\"ge-blog-post-excerpt\">\n            Samh\u00e4llsutmaningar utg\u00f6r en stor del av v\u00e5rt arbete. M\u00e5nga lyckade rekryteringar \u00e4r ett exempel.        <\/div>\n                        <a class=\"read-more-link\" href=\"https:\/\/itrevex.se\/en\/rekrytering\/\">L\u00e4s mer<\/a>\n            <\/div>\n<\/article>\n                        <\/div>\n        \n        <\/div>\n\n        \n<p>[\/et_pb_text][\/et_pb_column][\/et_pb_row][\/et_pb_section]<\/p>\n","protected":false},"excerpt":{"rendered":"<p>[et_pb_section admin_label=&#8221;Sektion&#8221; fullwidth=&#8221;off&#8221; specialty=&#8221;off&#8221; transparent_background=&#8221;on&#8221; allow_player_pause=&#8221;off&#8221; inner_shadow=&#8221;off&#8221; parallax=&#8221;off&#8221; parallax_method=&#8221;off&#8221; padding_mobile=&#8221;off&#8221; module_class=&#8221;gtv-3014-hero&#8221; make_fullwidth=&#8221;off&#8221; use_custom_width=&#8221;off&#8221; width_unit=&#8221;on&#8221; make_equal=&#8221;off&#8221; use_custom_gutter=&#8221;off&#8221; background_color=&#8221;rgba(66,66,66,0.99)&#8221; background_image=&#8221;https:\/\/itrevex.se\/wp-content\/uploads\/2014\/12\/IEX13.jpg&#8221;][et_pb_row admin_label=&#8221;Rad&#8221;][et_pb_column type=&#8221;4_4&#8243;][et_pb_text admin_label=&#8221;Text&#8221; background_layout=&#8221;light&#8221; text_orientation=&#8221;left&#8221; use_border_color=&#8221;off&#8221; border_color=&#8221;#ffffff&#8221; border_style=&#8221;solid&#8221;] Case och inspiration [\/et_pb_text][\/et_pb_column][\/et_pb_row][\/et_pb_section][et_pb_section admin_label=&#8221;Sektion&#8221; fullwidth=&#8221;off&#8221; specialty=&#8221;off&#8221; transparent_background=&#8221;off&#8221; background_color=&#8221;#ffffff&#8221; allow_player_pause=&#8221;off&#8221; inner_shadow=&#8221;off&#8221; parallax=&#8221;off&#8221; parallax_method=&#8221;off&#8221; padding_mobile=&#8221;off&#8221; make_fullwidth=&#8221;off&#8221; use_custom_width=&#8221;off&#8221; width_unit=&#8221;on&#8221; make_equal=&#8221;off&#8221; use_custom_gutter=&#8221;off&#8221; module_class=&#8221;gtv-3015-subpage-listing-section&#8221;][et_pb_row admin_label=&#8221;Rad&#8221;][et_pb_column type=&#8221;4_4&#8243;][et_pb_text admin_label=&#8221;Text&#8221; background_layout=&#8221;light&#8221; text_orientation=&#8221;left&#8221; use_border_color=&#8221;off&#8221; border_color=&#8221;#ffffff&#8221; border_style=&#8221;solid&#8221;] [\/et_pb_text][\/et_pb_column][\/et_pb_row][\/et_pb_section]<\/p>\n","protected":false},"author":1,"featured_media":0,"parent":0,"menu_order":0,"comment_status":"closed","ping_status":"closed","template":"","meta":{"footnotes":""},"yoast_head":"<!-- This site is optimized with the Yoast SEO plugin v22.6 - https:\/\/yoast.com\/wordpress\/plugins\/seo\/ -->\n<title>Case | ITREVEX<\/title>\n<meta name=\"robots\" content=\"index, follow, max-snippet:-1, max-image-preview:large, max-video-preview:-1\" \/>\n<link rel=\"canonical\" href=\"https:\/\/itrevex.se\/en\/case\/\" \/>\n<meta property=\"og:locale\" content=\"en_US\" \/>\n<meta property=\"og:type\" content=\"article\" \/>\n<meta property=\"og:title\" content=\"Case | ITREVEX\" \/>\n<meta property=\"og:description\" content=\"[et_pb_section admin_label=&#8221;Sektion&#8221; fullwidth=&#8221;off&#8221; specialty=&#8221;off&#8221; transparent_background=&#8221;on&#8221; allow_player_pause=&#8221;off&#8221; inner_shadow=&#8221;off&#8221; parallax=&#8221;off&#8221; parallax_method=&#8221;off&#8221; padding_mobile=&#8221;off&#8221; module_class=&#8221;gtv-3014-hero&#8221; make_fullwidth=&#8221;off&#8221; use_custom_width=&#8221;off&#8221; width_unit=&#8221;on&#8221; make_equal=&#8221;off&#8221; use_custom_gutter=&#8221;off&#8221; background_color=&#8221;rgba(66,66,66,0.99)&#8221; background_image=&#8221;https:\/\/itrevex.se\/wp-content\/uploads\/2014\/12\/IEX13.jpg&#8221;][et_pb_row admin_label=&#8221;Rad&#8221;][et_pb_column type=&#8221;4_4&#8243;][et_pb_text admin_label=&#8221;Text&#8221; background_layout=&#8221;light&#8221; text_orientation=&#8221;left&#8221; use_border_color=&#8221;off&#8221; border_color=&#8221;#ffffff&#8221; border_style=&#8221;solid&#8221;] Case och inspiration [\/et_pb_text][\/et_pb_column][\/et_pb_row][\/et_pb_section][et_pb_section admin_label=&#8221;Sektion&#8221; fullwidth=&#8221;off&#8221; specialty=&#8221;off&#8221; transparent_background=&#8221;off&#8221; background_color=&#8221;#ffffff&#8221; allow_player_pause=&#8221;off&#8221; inner_shadow=&#8221;off&#8221; parallax=&#8221;off&#8221; parallax_method=&#8221;off&#8221; padding_mobile=&#8221;off&#8221; make_fullwidth=&#8221;off&#8221; use_custom_width=&#8221;off&#8221; width_unit=&#8221;on&#8221; make_equal=&#8221;off&#8221; use_custom_gutter=&#8221;off&#8221; module_class=&#8221;gtv-3015-subpage-listing-section&#8221;][et_pb_row admin_label=&#8221;Rad&#8221;][et_pb_column type=&#8221;4_4&#8243;][et_pb_text admin_label=&#8221;Text&#8221; background_layout=&#8221;light&#8221; text_orientation=&#8221;left&#8221; use_border_color=&#8221;off&#8221; border_color=&#8221;#ffffff&#8221; border_style=&#8221;solid&#8221;] [\/et_pb_text][\/et_pb_column][\/et_pb_row][\/et_pb_section]\" \/>\n<meta property=\"og:url\" content=\"https:\/\/itrevex.se\/en\/case\/\" \/>\n<meta property=\"og:site_name\" content=\"ITREVEX\" \/>\n<meta property=\"article:publisher\" content=\"https:\/\/www.facebook.com\/itrevex\" \/>\n<meta name=\"twitter:label1\" content=\"Est. reading time\" \/>\n\t<meta name=\"twitter:data1\" content=\"1 minute\" \/>\n<script type=\"application\/ld+json\" class=\"yoast-schema-graph\">{\"@context\":\"https:\/\/schema.org\",\"@graph\":[{\"@type\":\"WebPage\",\"@id\":\"https:\/\/itrevex.se\/en\/case\/\",\"url\":\"https:\/\/itrevex.se\/en\/case\/\",\"name\":\"Case | ITREVEX\",\"isPartOf\":{\"@id\":\"https:\/\/itrevex.se\/#website\"},\"datePublished\":\"2021-02-19T09:49:16+00:00\",\"dateModified\":\"2021-02-19T09:49:16+00:00\",\"breadcrumb\":{\"@id\":\"https:\/\/itrevex.se\/en\/case\/#breadcrumb\"},\"inLanguage\":\"en-US\",\"potentialAction\":[{\"@type\":\"ReadAction\",\"target\":[\"https:\/\/itrevex.se\/en\/case\/\"]}]},{\"@type\":\"BreadcrumbList\",\"@id\":\"https:\/\/itrevex.se\/en\/case\/#breadcrumb\",\"itemListElement\":[{\"@type\":\"ListItem\",\"position\":1,\"name\":\"Hem\",\"item\":\"https:\/\/itrevex.se\/en\/itrevex\/\"},{\"@type\":\"ListItem\",\"position\":2,\"name\":\"Case\"}]},{\"@type\":\"WebSite\",\"@id\":\"https:\/\/itrevex.se\/#website\",\"url\":\"https:\/\/itrevex.se\/\",\"name\":\"ITREVEX\",\"description\":\"Roadshows\",\"publisher\":{\"@id\":\"https:\/\/itrevex.se\/#organization\"},\"potentialAction\":[{\"@type\":\"SearchAction\",\"target\":{\"@type\":\"EntryPoint\",\"urlTemplate\":\"https:\/\/itrevex.se\/?s={search_term_string}\"},\"query-input\":\"required name=search_term_string\"}],\"inLanguage\":\"en-US\"},{\"@type\":\"Organization\",\"@id\":\"https:\/\/itrevex.se\/#organization\",\"name\":\"ITREVEX AB\",\"url\":\"https:\/\/itrevex.se\/\",\"logo\":{\"@type\":\"ImageObject\",\"inLanguage\":\"en-US\",\"@id\":\"https:\/\/itrevex.se\/#\/schema\/logo\/image\/\",\"url\":\"https:\/\/itrevex.se\/wp-content\/uploads\/2015\/09\/logotype-gray.png\",\"contentUrl\":\"https:\/\/itrevex.se\/wp-content\/uploads\/2015\/09\/logotype-gray.png\",\"width\":303,\"height\":37,\"caption\":\"ITREVEX AB\"},\"image\":{\"@id\":\"https:\/\/itrevex.se\/#\/schema\/logo\/image\/\"},\"sameAs\":[\"https:\/\/www.facebook.com\/itrevex\",\"https:\/\/www.instagram.com\/itrevex.se\/\"]}]}<\/script>\n<!-- \/ Yoast SEO plugin. -->","yoast_head_json":{"title":"Case | ITREVEX","robots":{"index":"index","follow":"follow","max-snippet":"max-snippet:-1","max-image-preview":"max-image-preview:large","max-video-preview":"max-video-preview:-1"},"canonical":"https:\/\/itrevex.se\/en\/case\/","og_locale":"en_US","og_type":"article","og_title":"Case | ITREVEX","og_description":"[et_pb_section admin_label=&#8221;Sektion&#8221; fullwidth=&#8221;off&#8221; specialty=&#8221;off&#8221; transparent_background=&#8221;on&#8221; allow_player_pause=&#8221;off&#8221; inner_shadow=&#8221;off&#8221; parallax=&#8221;off&#8221; parallax_method=&#8221;off&#8221; padding_mobile=&#8221;off&#8221; module_class=&#8221;gtv-3014-hero&#8221; make_fullwidth=&#8221;off&#8221; use_custom_width=&#8221;off&#8221; width_unit=&#8221;on&#8221; make_equal=&#8221;off&#8221; use_custom_gutter=&#8221;off&#8221; background_color=&#8221;rgba(66,66,66,0.99)&#8221; background_image=&#8221;https:\/\/itrevex.se\/wp-content\/uploads\/2014\/12\/IEX13.jpg&#8221;][et_pb_row admin_label=&#8221;Rad&#8221;][et_pb_column type=&#8221;4_4&#8243;][et_pb_text admin_label=&#8221;Text&#8221; background_layout=&#8221;light&#8221; text_orientation=&#8221;left&#8221; use_border_color=&#8221;off&#8221; border_color=&#8221;#ffffff&#8221; border_style=&#8221;solid&#8221;] Case och inspiration [\/et_pb_text][\/et_pb_column][\/et_pb_row][\/et_pb_section][et_pb_section admin_label=&#8221;Sektion&#8221; fullwidth=&#8221;off&#8221; specialty=&#8221;off&#8221; transparent_background=&#8221;off&#8221; background_color=&#8221;#ffffff&#8221; allow_player_pause=&#8221;off&#8221; inner_shadow=&#8221;off&#8221; parallax=&#8221;off&#8221; parallax_method=&#8221;off&#8221; padding_mobile=&#8221;off&#8221; make_fullwidth=&#8221;off&#8221; use_custom_width=&#8221;off&#8221; width_unit=&#8221;on&#8221; make_equal=&#8221;off&#8221; use_custom_gutter=&#8221;off&#8221; module_class=&#8221;gtv-3015-subpage-listing-section&#8221;][et_pb_row admin_label=&#8221;Rad&#8221;][et_pb_column type=&#8221;4_4&#8243;][et_pb_text admin_label=&#8221;Text&#8221; background_layout=&#8221;light&#8221; text_orientation=&#8221;left&#8221; use_border_color=&#8221;off&#8221; border_color=&#8221;#ffffff&#8221; border_style=&#8221;solid&#8221;] [\/et_pb_text][\/et_pb_column][\/et_pb_row][\/et_pb_section]","og_url":"https:\/\/itrevex.se\/en\/case\/","og_site_name":"ITREVEX","article_publisher":"https:\/\/www.facebook.com\/itrevex","twitter_misc":{"Est. reading time":"1 minute"},"schema":{"@context":"https:\/\/schema.org","@graph":[{"@type":"WebPage","@id":"https:\/\/itrevex.se\/en\/case\/","url":"https:\/\/itrevex.se\/en\/case\/","name":"Case | ITREVEX","isPartOf":{"@id":"https:\/\/itrevex.se\/#website"},"datePublished":"2021-02-19T09:49:16+00:00","dateModified":"2021-02-19T09:49:16+00:00","breadcrumb":{"@id":"https:\/\/itrevex.se\/en\/case\/#breadcrumb"},"inLanguage":"en-US","potentialAction":[{"@type":"ReadAction","target":["https:\/\/itrevex.se\/en\/case\/"]}]},{"@type":"BreadcrumbList","@id":"https:\/\/itrevex.se\/en\/case\/#breadcrumb","itemListElement":[{"@type":"ListItem","position":1,"name":"Hem","item":"https:\/\/itrevex.se\/en\/itrevex\/"},{"@type":"ListItem","position":2,"name":"Case"}]},{"@type":"WebSite","@id":"https:\/\/itrevex.se\/#website","url":"https:\/\/itrevex.se\/","name":"ITREVEX","description":"Roadshows","publisher":{"@id":"https:\/\/itrevex.se\/#organization"},"potentialAction":[{"@type":"SearchAction","target":{"@type":"EntryPoint","urlTemplate":"https:\/\/itrevex.se\/?s={search_term_string}"},"query-input":"required name=search_term_string"}],"inLanguage":"en-US"},{"@type":"Organization","@id":"https:\/\/itrevex.se\/#organization","name":"ITREVEX AB","url":"https:\/\/itrevex.se\/","logo":{"@type":"ImageObject","inLanguage":"en-US","@id":"https:\/\/itrevex.se\/#\/schema\/logo\/image\/","url":"https:\/\/itrevex.se\/wp-content\/uploads\/2015\/09\/logotype-gray.png","contentUrl":"https:\/\/itrevex.se\/wp-content\/uploads\/2015\/09\/logotype-gray.png","width":303,"height":37,"caption":"ITREVEX AB"},"image":{"@id":"https:\/\/itrevex.se\/#\/schema\/logo\/image\/"},"sameAs":["https:\/\/www.facebook.com\/itrevex","https:\/\/www.instagram.com\/itrevex.se\/"]}]}},"_links":{"self":[{"href":"https:\/\/itrevex.se\/en\/wp-json\/wp\/v2\/pages\/1578"}],"collection":[{"href":"https:\/\/itrevex.se\/en\/wp-json\/wp\/v2\/pages"}],"about":[{"href":"https:\/\/itrevex.se\/en\/wp-json\/wp\/v2\/types\/page"}],"author":[{"embeddable":true,"href":"https:\/\/itrevex.se\/en\/wp-json\/wp\/v2\/users\/1"}],"replies":[{"embeddable":true,"href":"https:\/\/itrevex.se\/en\/wp-json\/wp\/v2\/comments?post=1578"}],"version-history":[{"count":0,"href":"https:\/\/itrevex.se\/en\/wp-json\/wp\/v2\/pages\/1578\/revisions"}],"wp:attachment":[{"href":"https:\/\/itrevex.se\/en\/wp-json\/wp\/v2\/media?parent=1578"}],"curies":[{"name":"wp","href":"https:\/\/api.w.org\/{rel}","templated":true}]}}